{"id":123,"date":"2021-06-04T08:15:10","date_gmt":"2021-06-04T08:15:10","guid":{"rendered":"https:\/\/www.zampagni.com\/?page_id=123"},"modified":"2021-06-04T08:15:10","modified_gmt":"2021-06-04T08:15:10","slug":"usar","status":"publish","type":"page","link":"https:\/\/www.cvpc.it\/index.php\/unita\/usar\/","title":{"rendered":"Unit\u00e0 Recupero"},"content":{"rendered":"\n<figure class=\"wp-block-image size-full\"><img loading=\"lazy\" decoding=\"async\" width=\"200\" height=\"197\" src=\"https:\/\/www.cvpc.it\/wp-content\/uploads\/2021\/08\/logo_rec.gif\" alt=\"\" class=\"wp-image-289\"\/><\/figure>\n\n\n\n<p><\/p>\n\n\n\n<p><em>Infra ruinis indago<\/em><\/p>\n\n\n\n<p>L&#8217;Unit\u00e0 Recupero, componente principale del Modulo SI.s.MA. \u00e8 di supporto al modulo Idro.<\/p>\n\n\n\n<p>\u00c8 formata, alla ricerca di persone in presenza di crolli in contesto urbano di superficie, alla disostruzione e all\u2019utilizzo di attrezzature di frantumazione e sollevamento pneumatico.<\/p>\n\n\n\n<p>I volontari vengono formati su protocolli INSARAG oltre che applicare un protocollo operativo interno definito \u201c4R\u201d che definisce la sequenza da seguire nell\u2019intervento di soccorso. La fase propriamente detta di \u201cRecupero\u201d viene affrontata anche con l\u2019ausilio di tecniche di corda per la sicurezza degli operatori.<\/p>\n\n\n\n<p>La squadra viene formata sulle varie tecniche nel rispetto delle leggi nazionali oltre che in materia di prevenzione e sicurezza nell\u2019individuazione dei rischi derivanti da strutture instabili, e delle attrezzature meccaniche o elettriche in dotazione.<\/p>\n\n\n\n<p>La preparazione pratica avviene presso i campi di addestramento in contesti di crollo e semi crollo mentre la teoria si tiene correntemente presso la sede associativa.<\/p>\n\n\n\n<p>Il conseguimento della qualifica di \u201cOperativo\u201d si ottiene dopo circa un anno frequentando corsi certificati di Sicurezza in Protezione Civile, Orientamento\/GPS e Ricerca dispersi.<\/p>\n\n\n\n<p>Altra formazione ed addestramento interno alla squadra vengono verificati attraverso un esame orale, scritto e pratico che ne definisce le conoscenze ed il livello di operativit\u00e0. Seguono annuali verifiche che ne comprovano lo stato operativo. Completano la parte formativa il conseguimento di qualifiche A.I.S., A.N.P.A.S, Radioamatore, Taglio Esbosco ed altre di necessit\u00e0.<\/p>\n\n\n\n<p>Negli interventi di Sarno, terremoto delle Marche, terremoto in Abruzzo, missione Arcobaleno in Albania e nei crolli della Casa di Riposo di Motta Visconti, viale Monza, grattacielo Pirelli e via Lomellina sul territorio di Milanese i volontari hanno sempre messo a frutto con successo quanto imparato.<\/p>\n\n\n\n<p>Qualora foste interessati a maggiori informazioni sulla nostra attivit\u00e0 fate riferimento alla sezione contatti del sito Web.<\/p>\n","protected":false},"excerpt":{"rendered":"<p>Infra ruinis indago L&#8217;Unit\u00e0 Recupero, componente principale del Modulo SI.s.MA. \u00e8 di supporto al modulo Idro. \u00c8 formata, alla ricerca di persone in presenza di crolli in contesto urbano di superficie, alla disostruzione e&#46;&#46;&#46;<\/p>\n","protected":false},"author":1,"featured_media":0,"parent":86,"menu_order":0,"comment_status":"closed","ping_status":"closed","template":"","meta":{"_price":"","_stock":"","_tribe_ticket_header":"","_tribe_default_ticket_provider":"","_tribe_ticket_capacity":"0","_ticket_start_date":"","_ticket_end_date":"","_tribe_ticket_show_description":"","_tribe_ticket_show_not_going":false,"_tribe_ticket_use_global_stock":"","_tribe_ticket_global_stock_level":"","_global_stock_mode":"","_global_stock_cap":"","_tribe_rsvp_for_event":"","_tribe_ticket_going_count":"","_tribe_ticket_not_going_count":"","_tribe_tickets_list":"[]","_tribe_ticket_has_attendee_info_fields":false,"footnotes":""},"_links":{"self":[{"href":"https:\/\/www.cvpc.it\/index.php\/wp-json\/wp\/v2\/pages\/123"}],"collection":[{"href":"https:\/\/www.cvpc.it\/index.php\/wp-json\/wp\/v2\/pages"}],"about":[{"href":"https:\/\/www.cvpc.it\/index.php\/wp-json\/wp\/v2\/types\/page"}],"author":[{"embeddable":true,"href":"https:\/\/www.cvpc.it\/index.php\/wp-json\/wp\/v2\/users\/1"}],"replies":[{"embeddable":true,"href":"https:\/\/www.cvpc.it\/index.php\/wp-json\/wp\/v2\/comments?post=123"}],"version-history":[{"count":0,"href":"https:\/\/www.cvpc.it\/index.php\/wp-json\/wp\/v2\/pages\/123\/revisions"}],"up":[{"embeddable":true,"href":"https:\/\/www.cvpc.it\/index.php\/wp-json\/wp\/v2\/pages\/86"}],"wp:attachment":[{"href":"https:\/\/www.cvpc.it\/index.php\/wp-json\/wp\/v2\/media?parent=123"}],"curies":[{"name":"wp","href":"https:\/\/api.w.org\/{rel}","templated":true}]}}