{"id":119,"date":"2021-06-04T08:13:57","date_gmt":"2021-06-04T08:13:57","guid":{"rendered":"https:\/\/www.zampagni.com\/?page_id=119"},"modified":"2021-06-04T08:13:57","modified_gmt":"2021-06-04T08:13:57","slug":"comando","status":"publish","type":"page","link":"https:\/\/www.cvpc.it\/index.php\/unita\/comando\/","title":{"rendered":"Comando"},"content":{"rendered":"\n<p>La struttura di Comando si compone di:<\/p>\n\n\n\n<p>\u2022 Comandante (Coordinatore Operativo)<\/p>\n\n\n\n<p>\u2022 Vice Comandante (2)<\/p>\n\n\n\n<p>\u2022 Capi Squadra<\/p>\n\n\n\n<p>Il Comandante \u00e8 il Coordinatore Operativo di tutte le attivit\u00e0 associative che comprendono la turnazione di reperibilit\u00e0, piani di addestramento, esercitazioni, piani formativi e relativa valutazione interna della formazione svolta.<\/p>\n\n\n\n<p>Risponde del suo operato al Consiglio Direttivo dell\u2019Associazione, dal quale viene nominato, e nomina, se ritiene necessario, uno o due Vice Comandanti riunendosi con cadenza mensile con i capisquadra.<\/p>\n\n\n\n<p>In occasione di interventi o esercitazioni viene adottato in parte lo schema organizzativo ICS (Incident Command System) nelle responsabilit\u00e0 di <strong>Operazioni, Logistica, Segreteria<\/strong> (Amministrazione) e <strong>Sicurezza<\/strong> identificati sul campo nei colori distintivi del protocollo.<\/p>\n\n\n\n<div class=\"wp-block-image\"><figure class=\"aligncenter size-large\"><img loading=\"lazy\" decoding=\"async\" width=\"1024\" height=\"524\" src=\"https:\/\/www.cvpc.it\/wp-content\/uploads\/2021\/12\/image001-1024x524.png\" alt=\"\" class=\"wp-image-526\" srcset=\"https:\/\/www.cvpc.it\/wp-content\/uploads\/2021\/12\/image001-1024x524.png 1024w, https:\/\/www.cvpc.it\/wp-content\/uploads\/2021\/12\/image001-300x154.png 300w, https:\/\/www.cvpc.it\/wp-content\/uploads\/2021\/12\/image001-768x393.png 768w, https:\/\/www.cvpc.it\/wp-content\/uploads\/2021\/12\/image001.png 1499w\" sizes=\"(max-width: 1024px) 100vw, 1024px\" \/><\/figure><\/div>\n","protected":false},"excerpt":{"rendered":"<p>La struttura di Comando si compone di: \u2022 Comandante (Coordinatore Operativo) \u2022 Vice Comandante (2) \u2022 Capi Squadra Il Comandante \u00e8 il Coordinatore Operativo di tutte le attivit\u00e0 associative che comprendono la turnazione di&#46;&#46;&#46;<\/p>\n","protected":false},"author":1,"featured_media":0,"parent":86,"menu_order":0,"comment_status":"closed","ping_status":"closed","template":"","meta":{"_price":"","_stock":"","_tribe_ticket_header":"","_tribe_default_ticket_provider":"","_tribe_ticket_capacity":"0","_ticket_start_date":"","_ticket_end_date":"","_tribe_ticket_show_description":"","_tribe_ticket_show_not_going":false,"_tribe_ticket_use_global_stock":"","_tribe_ticket_global_stock_level":"","_global_stock_mode":"","_global_stock_cap":"","_tribe_rsvp_for_event":"","_tribe_ticket_going_count":"","_tribe_ticket_not_going_count":"","_tribe_tickets_list":"[]","_tribe_ticket_has_attendee_info_fields":false,"footnotes":""},"_links":{"self":[{"href":"https:\/\/www.cvpc.it\/index.php\/wp-json\/wp\/v2\/pages\/119"}],"collection":[{"href":"https:\/\/www.cvpc.it\/index.php\/wp-json\/wp\/v2\/pages"}],"about":[{"href":"https:\/\/www.cvpc.it\/index.php\/wp-json\/wp\/v2\/types\/page"}],"author":[{"embeddable":true,"href":"https:\/\/www.cvpc.it\/index.php\/wp-json\/wp\/v2\/users\/1"}],"replies":[{"embeddable":true,"href":"https:\/\/www.cvpc.it\/index.php\/wp-json\/wp\/v2\/comments?post=119"}],"version-history":[{"count":0,"href":"https:\/\/www.cvpc.it\/index.php\/wp-json\/wp\/v2\/pages\/119\/revisions"}],"up":[{"embeddable":true,"href":"https:\/\/www.cvpc.it\/index.php\/wp-json\/wp\/v2\/pages\/86"}],"wp:attachment":[{"href":"https:\/\/www.cvpc.it\/index.php\/wp-json\/wp\/v2\/media?parent=119"}],"curies":[{"name":"wp","href":"https:\/\/api.w.org\/{rel}","templated":true}]}}